{"id":45,"date":"2025-03-13T17:41:39","date_gmt":"2025-03-13T20:41:39","guid":{"rendered":"https:\/\/ascapbsb.com.br\/?page_id=45"},"modified":"2025-03-30T10:01:53","modified_gmt":"2025-03-30T13:01:53","slug":"bazar-solidario","status":"publish","type":"page","link":"https:\/\/ascapbsb.com.br\/?page_id=45","title":{"rendered":"Brech\u00f3 Solid\u00e1rio"},"content":{"rendered":"\n<h2 class=\"wp-block-heading has-large-font-size\" style=\"border-style:none;border-width:0px;border-radius:0px\">O que \u00e9 o brech\u00f3<\/h2>\n\n\n\n<div class=\"wp-block-group is-layout-constrained wp-block-group-is-layout-constrained\">\n<div class=\"wp-block-columns is-layout-flex wp-container-core-columns-is-layout-1 wp-block-columns-is-layout-flex\">\n<div class=\"wp-block-column is-layout-flow wp-block-column-is-layout-flow\" style=\"flex-basis:100%\">\n<p class=\"has-medium-font-size\"><strong>O<\/strong> Brech\u00f3 Solid\u00e1rio \u00e9 a \u00fanica fonte de renda da A\u00e7\u00e3o Social Caminheiros de Ant\u00f4nio de P\u00e1dua (AscapBsB). At\u00e9 2023, a institui\u00e7\u00e3o tinha o Bazar Solid\u00e1rio. Com a reforma do espa\u00e7o, decidiu-se mudar para brech\u00f3 para diferenciar do elevado n\u00famero de bazares que existem em Ceil\u00e2ndia, onde a AscapBsb tem sua sede. H\u00e1 quem continue reconhecendo o espa\u00e7o como bazar, e h\u00e1 quem veja como brech\u00f3. Mas o nome n\u00e3o \u00e9 o mais importante. O que vale mesmo \u00e9 fazer com que os consumidores encontrem pe\u00e7as de roupas e cal\u00e7ados, para mulheres, homens e jovens. Os pre\u00e7os s\u00e3o baixos, o que possibilita a compra por aqueles que t\u00eam uma renda mensal bem modesta.<\/p>\n<\/div>\n<\/div>\n<\/div>\n\n\n\n<figure class=\"wp-block-image aligncenter size-medium is-resized\"><img loading=\"lazy\" decoding=\"async\" width=\"250\" height=\"300\" src=\"https:\/\/ascapbsb.com.br\/wp-content\/uploads\/2025\/03\/BRECHO-250x300.png\" alt=\"\" class=\"wp-image-94\" style=\"width:460px;height:auto\" srcset=\"https:\/\/ascapbsb.com.br\/wp-content\/uploads\/2025\/03\/BRECHO-250x300.png 250w, https:\/\/ascapbsb.com.br\/wp-content\/uploads\/2025\/03\/BRECHO-854x1024.png 854w, https:\/\/ascapbsb.com.br\/wp-content\/uploads\/2025\/03\/BRECHO-768x921.png 768w, https:\/\/ascapbsb.com.br\/wp-content\/uploads\/2025\/03\/BRECHO-1280x1536.png 1280w, https:\/\/ascapbsb.com.br\/wp-content\/uploads\/2025\/03\/BRECHO.png 1667w\" sizes=\"auto, (max-width: 250px) 100vw, 250px\" \/><\/figure>\n\n\n\n<p><\/p>\n","protected":false},"excerpt":{"rendered":"<p>O que \u00e9 o brech\u00f3 O Brech\u00f3 Solid\u00e1rio \u00e9 a \u00fanica fonte de renda da A\u00e7\u00e3o Social Caminheiros de Ant\u00f4nio de P\u00e1dua (AscapBsB). At\u00e9 2023, a institui\u00e7\u00e3o tinha o Bazar Solid\u00e1rio. Com a reforma do espa\u00e7o, decidiu-se mudar para brech\u00f3 para diferenciar do elevado n\u00famero de bazares que existem em Ceil\u00e2ndia, onde a AscapBsb tem [&hellip;]<\/p>\n","protected":false},"author":1,"featured_media":0,"parent":0,"menu_order":0,"comment_status":"closed","ping_status":"closed","template":"","meta":{"_uag_custom_page_level_css":"","_monsterinsights_skip_tracking":false,"_monsterinsights_sitenote_active":false,"_monsterinsights_sitenote_note":"","_monsterinsights_sitenote_category":0,"site-sidebar-layout":"default","site-content-layout":"","ast-site-content-layout":"","site-content-style":"default","site-sidebar-style":"default","ast-global-header-display":"","ast-banner-title-visibility":"","ast-main-header-display":"","ast-hfb-above-header-display":"","ast-hfb-below-header-display":"","ast-hfb-mobile-header-display":"","site-post-title":"","ast-breadcrumbs-content":"","ast-featured-img":"","footer-sml-layout":"","theme-transparent-header-meta":"","adv-header-id-meta":"","stick-header-meta":"","header-above-stick-meta":"","header-main-stick-meta":"","header-below-stick-meta":"","astra-migrate-meta-layouts":"default","ast-page-background-enabled":"default","ast-page-background-meta":{"desktop":{"background-color":"var(--ast-global-color-4)","background-image":"","background-repeat":"repeat","background-position":"center center","background-size":"auto","background-attachment":"scroll","background-type":"","background-media":"","overlay-type":"","overlay-color":"","overlay-opacity":"","overlay-gradient":""},"tablet":{"background-color":"","background-image":"","background-repeat":"repeat","background-position":"center center","background-size":"auto","background-attachment":"scroll","background-type":"","background-media":"","overlay-type":"","overlay-color":"","overlay-opacity":"","overlay-gradient":""},"mobile":{"background-color":"","background-image":"","background-repeat":"repeat","background-position":"center center","background-size":"auto","background-attachment":"scroll","background-type":"","background-media":"","overlay-type":"","overlay-color":"","overlay-opacity":"","overlay-gradient":""}},"ast-content-background-meta":{"desktop":{"background-color":"var(--ast-global-color-5)","background-image":"","background-repeat":"repeat","background-position":"center center","background-size":"auto","background-attachment":"scroll","background-type":"","background-media":"","overlay-type":"","overlay-color":"","overlay-opacity":"","overlay-gradient":""},"tablet":{"background-color":"var(--ast-global-color-5)","background-image":"","background-repeat":"repeat","background-position":"center center","background-size":"auto","background-attachment":"scroll","background-type":"","background-media":"","overlay-type":"","overlay-color":"","overlay-opacity":"","overlay-gradient":""},"mobile":{"background-color":"var(--ast-global-color-5)","background-image":"","background-repeat":"repeat","background-position":"center center","background-size":"auto","background-attachment":"scroll","background-type":"","background-media":"","overlay-type":"","overlay-color":"","overlay-opacity":"","overlay-gradient":""}},"footnotes":""},"class_list":["post-45","page","type-page","status-publish","hentry"],"aioseo_notices":[],"uagb_featured_image_src":{"full":false,"thumbnail":false,"medium":false,"medium_large":false,"large":false,"1536x1536":false,"2048x2048":false},"uagb_author_info":{"display_name":"ascapbsb.com.br","author_link":"https:\/\/ascapbsb.com.br\/?author=1"},"uagb_comment_info":0,"uagb_excerpt":"O que \u00e9 o brech\u00f3 O Brech\u00f3 Solid\u00e1rio \u00e9 a \u00fanica fonte de renda da A\u00e7\u00e3o Social Caminheiros de Ant\u00f4nio de P\u00e1dua (AscapBsB). At\u00e9 2023, a institui\u00e7\u00e3o tinha o Bazar Solid\u00e1rio. Com a reforma do espa\u00e7o, decidiu-se mudar para brech\u00f3 para diferenciar do elevado n\u00famero de bazares que existem em Ceil\u00e2ndia, onde a AscapBsb tem&hellip;","_links":{"self":[{"href":"https:\/\/ascapbsb.com.br\/index.php?rest_route=\/wp\/v2\/pages\/45","targetHints":{"allow":["GET"]}}],"collection":[{"href":"https:\/\/ascapbsb.com.br\/index.php?rest_route=\/wp\/v2\/pages"}],"about":[{"href":"https:\/\/ascapbsb.com.br\/index.php?rest_route=\/wp\/v2\/types\/page"}],"author":[{"embeddable":true,"href":"https:\/\/ascapbsb.com.br\/index.php?rest_route=\/wp\/v2\/users\/1"}],"replies":[{"embeddable":true,"href":"https:\/\/ascapbsb.com.br\/index.php?rest_route=%2Fwp%2Fv2%2Fcomments&post=45"}],"version-history":[{"count":14,"href":"https:\/\/ascapbsb.com.br\/index.php?rest_route=\/wp\/v2\/pages\/45\/revisions"}],"predecessor-version":[{"id":153,"href":"https:\/\/ascapbsb.com.br\/index.php?rest_route=\/wp\/v2\/pages\/45\/revisions\/153"}],"wp:attachment":[{"href":"https:\/\/ascapbsb.com.br\/index.php?rest_route=%2Fwp%2Fv2%2Fmedia&parent=45"}],"curies":[{"name":"wp","href":"https:\/\/api.w.org\/{rel}","templated":true}]}}