{"id":43,"date":"2025-03-13T17:41:10","date_gmt":"2025-03-13T20:41:10","guid":{"rendered":"https:\/\/ascapbsb.com.br\/?page_id=43"},"modified":"2025-07-24T12:00:57","modified_gmt":"2025-07-24T15:00:57","slug":"costura-social","status":"publish","type":"page","link":"https:\/\/ascapbsb.com.br\/?page_id=43","title":{"rendered":"Costura Social"},"content":{"rendered":"\n<h2 class=\"wp-block-heading has-ast-global-color-1-color has-text-color has-link-color wp-elements-cf0fd19747041c850b688497725c1836\">Capacita\u00e7\u00e3o com sa\u00fade emocional<\/h2>\n\n\n\n<figure class=\"wp-block-gallery has-nested-images columns-default is-cropped wp-block-gallery-1 is-layout-flex wp-block-gallery-is-layout-flex\">\n<figure class=\"wp-block-image size-large\"><img loading=\"lazy\" decoding=\"async\" width=\"1024\" height=\"729\" data-id=\"135\" src=\"https:\/\/ascapbsb.com.br\/wp-content\/uploads\/2025\/03\/23JAN25-COSTURA-SOCIAL-_-TOUCAS-1024x729.jpeg\" alt=\"\" class=\"wp-image-135\" srcset=\"https:\/\/ascapbsb.com.br\/wp-content\/uploads\/2025\/03\/23JAN25-COSTURA-SOCIAL-_-TOUCAS-1024x729.jpeg 1024w, https:\/\/ascapbsb.com.br\/wp-content\/uploads\/2025\/03\/23JAN25-COSTURA-SOCIAL-_-TOUCAS-300x214.jpeg 300w, https:\/\/ascapbsb.com.br\/wp-content\/uploads\/2025\/03\/23JAN25-COSTURA-SOCIAL-_-TOUCAS-768x547.jpeg 768w, https:\/\/ascapbsb.com.br\/wp-content\/uploads\/2025\/03\/23JAN25-COSTURA-SOCIAL-_-TOUCAS.jpeg 1077w\" sizes=\"auto, (max-width: 1024px) 100vw, 1024px\" \/><\/figure>\n\n\n\n<figure class=\"wp-block-image size-large\"><img loading=\"lazy\" decoding=\"async\" width=\"768\" height=\"1024\" data-id=\"136\" src=\"https:\/\/ascapbsb.com.br\/wp-content\/uploads\/2025\/03\/COSTURASOCIAL_ALUNAS_20032025-768x1024.png\" alt=\"\" class=\"wp-image-136\" srcset=\"https:\/\/ascapbsb.com.br\/wp-content\/uploads\/2025\/03\/COSTURASOCIAL_ALUNAS_20032025-768x1024.png 768w, https:\/\/ascapbsb.com.br\/wp-content\/uploads\/2025\/03\/COSTURASOCIAL_ALUNAS_20032025-225x300.png 225w, https:\/\/ascapbsb.com.br\/wp-content\/uploads\/2025\/03\/COSTURASOCIAL_ALUNAS_20032025-1152x1536.png 1152w, https:\/\/ascapbsb.com.br\/wp-content\/uploads\/2025\/03\/COSTURASOCIAL_ALUNAS_20032025.png 1500w\" sizes=\"auto, (max-width: 768px) 100vw, 768px\" \/><\/figure>\n<\/figure>\n\n\n\n<p class=\"has-medium-font-size\" style=\"padding-top:0;padding-bottom:0\">Uma combina\u00e7\u00e3o perfeita. Ao mesmo tempo em que as alunas da Costura Social s\u00e3o capacitadas no ramo do vestu\u00e1rio e na costura criativa, elas relatam que a ansiedade e a depress\u00e3o vai desaparecendo. A  conviv\u00eancia entre elas \u00e9 harmoniosa. A solidariedade entre elas torna o ambiente alegre. Uma ajuda a outra na supera\u00e7\u00e3o das dificuldades de produzir pe\u00e7as e produtos em cada aula, ministrada pela professora e designer de moda, Suzete Cunha, a Suzy. A professora \u00e9 exigente \u2014 se errar vai ter que desmanchar e fazer novamente, at\u00e9 acertar. As alunas reconhecem que essa regra \u00e9 necess\u00e1ria para uma costura perfeita e para que cada pe\u00e7a confecionada n\u00e3o apresente defeito. Cada aula tem dura\u00e7\u00e3o de tr\u00eas horas de intensa atividade.<\/p>\n\n\n\n<p><\/p>\n","protected":false},"excerpt":{"rendered":"<p>Capacita\u00e7\u00e3o com sa\u00fade emocional Uma combina\u00e7\u00e3o perfeita. Ao mesmo tempo em que as alunas da Costura Social s\u00e3o capacitadas no ramo do vestu\u00e1rio e na costura criativa, elas relatam que a ansiedade e a depress\u00e3o vai desaparecendo. A conviv\u00eancia entre elas \u00e9 harmoniosa. A solidariedade entre elas torna o ambiente alegre. Uma ajuda a outra [&hellip;]<\/p>\n","protected":false},"author":1,"featured_media":0,"parent":0,"menu_order":0,"comment_status":"closed","ping_status":"closed","template":"","meta":{"_uag_custom_page_level_css":"","_monsterinsights_skip_tracking":false,"_monsterinsights_sitenote_active":false,"_monsterinsights_sitenote_note":"","_monsterinsights_sitenote_category":0,"site-sidebar-layout":"default","site-content-layout":"","ast-site-content-layout":"","site-content-style":"default","site-sidebar-style":"default","ast-global-header-display":"","ast-banner-title-visibility":"","ast-main-header-display":"","ast-hfb-above-header-display":"","ast-hfb-below-header-display":"","ast-hfb-mobile-header-display":"","site-post-title":"","ast-breadcrumbs-content":"","ast-featured-img":"","footer-sml-layout":"","theme-transparent-header-meta":"","adv-header-id-meta":"","stick-header-meta":"","header-above-stick-meta":"","header-main-stick-meta":"","header-below-stick-meta":"","astra-migrate-meta-layouts":"default","ast-page-background-enabled":"default","ast-page-background-meta":{"desktop":{"background-color":"var(--ast-global-color-4)","background-image":"","background-repeat":"repeat","background-position":"center center","background-size":"auto","background-attachment":"scroll","background-type":"","background-media":"","overlay-type":"","overlay-color":"","overlay-opacity":"","overlay-gradient":""},"tablet":{"background-color":"","background-image":"","background-repeat":"repeat","background-position":"center center","background-size":"auto","background-attachment":"scroll","background-type":"","background-media":"","overlay-type":"","overlay-color":"","overlay-opacity":"","overlay-gradient":""},"mobile":{"background-color":"","background-image":"","background-repeat":"repeat","background-position":"center center","background-size":"auto","background-attachment":"scroll","background-type":"","background-media":"","overlay-type":"","overlay-color":"","overlay-opacity":"","overlay-gradient":""}},"ast-content-background-meta":{"desktop":{"background-color":"var(--ast-global-color-5)","background-image":"","background-repeat":"repeat","background-position":"center center","background-size":"auto","background-attachment":"scroll","background-type":"","background-media":"","overlay-type":"","overlay-color":"","overlay-opacity":"","overlay-gradient":""},"tablet":{"background-color":"var(--ast-global-color-5)","background-image":"","background-repeat":"repeat","background-position":"center center","background-size":"auto","background-attachment":"scroll","background-type":"","background-media":"","overlay-type":"","overlay-color":"","overlay-opacity":"","overlay-gradient":""},"mobile":{"background-color":"var(--ast-global-color-5)","background-image":"","background-repeat":"repeat","background-position":"center center","background-size":"auto","background-attachment":"scroll","background-type":"","background-media":"","overlay-type":"","overlay-color":"","overlay-opacity":"","overlay-gradient":""}},"footnotes":""},"class_list":["post-43","page","type-page","status-publish","hentry"],"aioseo_notices":[],"uagb_featured_image_src":{"full":false,"thumbnail":false,"medium":false,"medium_large":false,"large":false,"1536x1536":false,"2048x2048":false},"uagb_author_info":{"display_name":"ascapbsb.com.br","author_link":"https:\/\/ascapbsb.com.br\/?author=1"},"uagb_comment_info":0,"uagb_excerpt":"Capacita\u00e7\u00e3o com sa\u00fade emocional Uma combina\u00e7\u00e3o perfeita. Ao mesmo tempo em que as alunas da Costura Social s\u00e3o capacitadas no ramo do vestu\u00e1rio e na costura criativa, elas relatam que a ansiedade e a depress\u00e3o vai desaparecendo. A conviv\u00eancia entre elas \u00e9 harmoniosa. A solidariedade entre elas torna o ambiente alegre. Uma ajuda a outra&hellip;","_links":{"self":[{"href":"https:\/\/ascapbsb.com.br\/index.php?rest_route=\/wp\/v2\/pages\/43","targetHints":{"allow":["GET"]}}],"collection":[{"href":"https:\/\/ascapbsb.com.br\/index.php?rest_route=\/wp\/v2\/pages"}],"about":[{"href":"https:\/\/ascapbsb.com.br\/index.php?rest_route=\/wp\/v2\/types\/page"}],"author":[{"embeddable":true,"href":"https:\/\/ascapbsb.com.br\/index.php?rest_route=\/wp\/v2\/users\/1"}],"replies":[{"embeddable":true,"href":"https:\/\/ascapbsb.com.br\/index.php?rest_route=%2Fwp%2Fv2%2Fcomments&post=43"}],"version-history":[{"count":3,"href":"https:\/\/ascapbsb.com.br\/index.php?rest_route=\/wp\/v2\/pages\/43\/revisions"}],"predecessor-version":[{"id":151,"href":"https:\/\/ascapbsb.com.br\/index.php?rest_route=\/wp\/v2\/pages\/43\/revisions\/151"}],"wp:attachment":[{"href":"https:\/\/ascapbsb.com.br\/index.php?rest_route=%2Fwp%2Fv2%2Fmedia&parent=43"}],"curies":[{"name":"wp","href":"https:\/\/api.w.org\/{rel}","templated":true}]}}