{"id":19,"date":"2025-03-13T16:52:05","date_gmt":"2025-03-13T19:52:05","guid":{"rendered":"https:\/\/ascapbsb.com.br\/?page_id=19"},"modified":"2025-03-30T15:08:55","modified_gmt":"2025-03-30T18:08:55","slug":"quem-somos","status":"publish","type":"page","link":"https:\/\/ascapbsb.com.br\/?page_id=19","title":{"rendered":"Quem Somos"},"content":{"rendered":"\n<p><\/p>\n\n\n\n<p class=\"has-large-font-size\"><strong>Nossa hist\u00f3ria<\/strong><\/p>\n\n\n\n<p>Fundada em 20 de dezembro de 1994, a A\u00e7\u00e3o Social Caminheiros de Ant\u00f4nio de P\u00e1dua \u00e9 uma organiza\u00e7\u00e3o da sociedade civil, de direito privado, com personalidade jur\u00eddica, de car\u00e1ter assistencial, sem fins lucrativos. A entidade \u00e9 composta por membros da institui\u00e7\u00e3o mantenedora e da comunidade, sem distin\u00e7\u00e3o de cor, ra\u00e7a, credo pol\u00edtico ou religioso, sexo ou profiss\u00e3o.<\/p>\n\n\n\n<p><\/p>\n\n\n\n<p><strong>OBJETIVOS<br><\/strong><em>Entre seus objetivos est\u00e3o as a\u00e7\u00f5es voltadas \u00e0 assist\u00eancia social, educacional, ambiental, cultural e socioecon\u00f4mica \u00e0 popula\u00e7\u00e3o em geral, admitida a parceria com institui\u00e7\u00f5es p\u00fablicas e privadas, nacionais e internacionais. A AscapBsB visa o bem-estar social e emocional, mediante atividades apoiadas na \u00e9tica, na cultura de paz, no respeito \u00e0 dignidade das pessoas, na defesa dos direitos humanos, nos valores da democracia, outros direitos universais contemplados na Constitui\u00e7\u00e3o de 1988 e em normas nacionais e internacionais de prote\u00e7\u00e3o e valoriza\u00e7\u00e3o da vida humana.<\/em><\/p>\n\n\n\n<p class=\"has-medium-font-size\"><strong>VIS\u00c3O<br><\/strong><em>Ser refer\u00eancia em iniciativas de inclus\u00e3o social, empoderamento econ\u00f4mico, promo\u00e7\u00e3o de direitos humanos e educa\u00e7\u00e3o popular em defesa da democracia, da cultura da paz, que contribuam para o desenvolvimento do protagonismo individual e coletivo, o desenvolvimento sustent\u00e1vel e equitativo em territ\u00f3rios do DF e Entorno.<\/em><\/p>\n\n\n\n<p><strong>MISS\u00c3O<\/strong><br><em>Contribuir para a transforma\u00e7\u00e3o de vidas de segmentos da popula\u00e7\u00e3o em territ\u00f3rios vulner\u00e1veis do Distrito Federal e Entorno que vivem em situa\u00e7\u00e3o de exclus\u00e3o social e vulnerabilidade socioecon\u00f4mica, por meio de capacita\u00e7\u00e3o, atendimentos psicossociais, exerc\u00edcio da cidadania e participa\u00e7\u00e3o social.<\/em><\/p>\n\n\n\n<p><\/p>\n","protected":false},"excerpt":{"rendered":"<p>Nossa hist\u00f3ria Fundada em 20 de dezembro de 1994, a A\u00e7\u00e3o Social Caminheiros de Ant\u00f4nio de P\u00e1dua \u00e9 uma organiza\u00e7\u00e3o da sociedade civil, de direito privado, com personalidade jur\u00eddica, de car\u00e1ter assistencial, sem fins lucrativos. A entidade \u00e9 composta por membros da institui\u00e7\u00e3o mantenedora e da comunidade, sem distin\u00e7\u00e3o de cor, ra\u00e7a, credo pol\u00edtico ou [&hellip;]<\/p>\n","protected":false},"author":1,"featured_media":0,"parent":0,"menu_order":0,"comment_status":"closed","ping_status":"closed","template":"","meta":{"_uag_custom_page_level_css":"","_monsterinsights_skip_tracking":false,"_monsterinsights_sitenote_active":false,"_monsterinsights_sitenote_note":"","_monsterinsights_sitenote_category":0,"site-sidebar-layout":"default","site-content-layout":"","ast-site-content-layout":"","site-content-style":"default","site-sidebar-style":"default","ast-global-header-display":"","ast-banner-title-visibility":"","ast-main-header-display":"","ast-hfb-above-header-display":"","ast-hfb-below-header-display":"","ast-hfb-mobile-header-display":"","site-post-title":"","ast-breadcrumbs-content":"","ast-featured-img":"","footer-sml-layout":"","theme-transparent-header-meta":"","adv-header-id-meta":"","stick-header-meta":"","header-above-stick-meta":"","header-main-stick-meta":"","header-below-stick-meta":"","astra-migrate-meta-layouts":"default","ast-page-background-enabled":"default","ast-page-background-meta":{"desktop":{"background-color":"var(--ast-global-color-4)","background-image":"","background-repeat":"repeat","background-position":"center center","background-size":"auto","background-attachment":"scroll","background-type":"","background-media":"","overlay-type":"","overlay-color":"","overlay-opacity":"","overlay-gradient":""},"tablet":{"background-color":"","background-image":"","background-repeat":"repeat","background-position":"center center","background-size":"auto","background-attachment":"scroll","background-type":"","background-media":"","overlay-type":"","overlay-color":"","overlay-opacity":"","overlay-gradient":""},"mobile":{"background-color":"","background-image":"","background-repeat":"repeat","background-position":"center center","background-size":"auto","background-attachment":"scroll","background-type":"","background-media":"","overlay-type":"","overlay-color":"","overlay-opacity":"","overlay-gradient":""}},"ast-content-background-meta":{"desktop":{"background-color":"var(--ast-global-color-5)","background-image":"","background-repeat":"repeat","background-position":"center center","background-size":"auto","background-attachment":"scroll","background-type":"","background-media":"","overlay-type":"","overlay-color":"","overlay-opacity":"","overlay-gradient":""},"tablet":{"background-color":"var(--ast-global-color-5)","background-image":"","background-repeat":"repeat","background-position":"center center","background-size":"auto","background-attachment":"scroll","background-type":"","background-media":"","overlay-type":"","overlay-color":"","overlay-opacity":"","overlay-gradient":""},"mobile":{"background-color":"var(--ast-global-color-5)","background-image":"","background-repeat":"repeat","background-position":"center center","background-size":"auto","background-attachment":"scroll","background-type":"","background-media":"","overlay-type":"","overlay-color":"","overlay-opacity":"","overlay-gradient":""}},"footnotes":""},"class_list":["post-19","page","type-page","status-publish","hentry"],"aioseo_notices":[],"uagb_featured_image_src":{"full":false,"thumbnail":false,"medium":false,"medium_large":false,"large":false,"1536x1536":false,"2048x2048":false},"uagb_author_info":{"display_name":"ascapbsb.com.br","author_link":"https:\/\/ascapbsb.com.br\/?author=1"},"uagb_comment_info":0,"uagb_excerpt":"Nossa hist\u00f3ria Fundada em 20 de dezembro de 1994, a A\u00e7\u00e3o Social Caminheiros de Ant\u00f4nio de P\u00e1dua \u00e9 uma organiza\u00e7\u00e3o da sociedade civil, de direito privado, com personalidade jur\u00eddica, de car\u00e1ter assistencial, sem fins lucrativos. A entidade \u00e9 composta por membros da institui\u00e7\u00e3o mantenedora e da comunidade, sem distin\u00e7\u00e3o de cor, ra\u00e7a, credo pol\u00edtico ou&hellip;","_links":{"self":[{"href":"https:\/\/ascapbsb.com.br\/index.php?rest_route=\/wp\/v2\/pages\/19","targetHints":{"allow":["GET"]}}],"collection":[{"href":"https:\/\/ascapbsb.com.br\/index.php?rest_route=\/wp\/v2\/pages"}],"about":[{"href":"https:\/\/ascapbsb.com.br\/index.php?rest_route=\/wp\/v2\/types\/page"}],"author":[{"embeddable":true,"href":"https:\/\/ascapbsb.com.br\/index.php?rest_route=\/wp\/v2\/users\/1"}],"replies":[{"embeddable":true,"href":"https:\/\/ascapbsb.com.br\/index.php?rest_route=%2Fwp%2Fv2%2Fcomments&post=19"}],"version-history":[{"count":2,"href":"https:\/\/ascapbsb.com.br\/index.php?rest_route=\/wp\/v2\/pages\/19\/revisions"}],"predecessor-version":[{"id":158,"href":"https:\/\/ascapbsb.com.br\/index.php?rest_route=\/wp\/v2\/pages\/19\/revisions\/158"}],"wp:attachment":[{"href":"https:\/\/ascapbsb.com.br\/index.php?rest_route=%2Fwp%2Fv2%2Fmedia&parent=19"}],"curies":[{"name":"wp","href":"https:\/\/api.w.org\/{rel}","templated":true}]}}