{"id":16,"date":"2025-03-13T16:51:05","date_gmt":"2025-03-13T19:51:05","guid":{"rendered":"https:\/\/ascapbsb.com.br\/?page_id=16"},"modified":"2025-04-02T15:27:49","modified_gmt":"2025-04-02T18:27:49","slug":"pagina-inicial","status":"publish","type":"page","link":"https:\/\/ascapbsb.com.br\/","title":{"rendered":"In\u00edcio"},"content":{"rendered":"\n<div class=\"wp-block-uagb-container uagb-block-bf7ef3c3 alignfull uagb-is-root-container\"><div class=\"uagb-container-inner-blocks-wrap\">\n<div class=\"wp-block-uagb-container uagb-block-02ffa3bd\">\n<div class=\"wp-block-uagb-image uagb-block-d4dcb3b2 wp-block-uagb-image--layout-default wp-block-uagb-image--effect-static wp-block-uagb-image--align-none\"><figure class=\"wp-block-uagb-image__figure\"><img decoding=\"async\" srcset=\"https:\/\/ascapbsb.com.br\/wp-content\/uploads\/2025\/03\/SITE-_SOLIDARIEDADE-1-1024x682.jpg ,https:\/\/ascapbsb.com.br\/wp-content\/uploads\/2025\/03\/SITE-_SOLIDARIEDADE-1.jpg 780w, https:\/\/ascapbsb.com.br\/wp-content\/uploads\/2025\/03\/SITE-_SOLIDARIEDADE-1.jpg 360w\" sizes=\"auto, (max-width: 480px) 150px\" src=\"https:\/\/ascapbsb.com.br\/wp-content\/uploads\/2025\/03\/SITE-_SOLIDARIEDADE-1-1024x682.jpg\" alt=\"\" class=\"uag-image-144\" width=\"1024\" height=\"682\" title=\"SITE _SOLIDARIEDADE\" loading=\"lazy\" role=\"img\"\/><\/figure><\/div>\n<\/div>\n\n\n\n<div class=\"wp-block-uagb-container uagb-block-07ecc03f\">\n<div class=\"wp-block-uagb-advanced-heading uagb-block-9432e0a1\"><h2 class=\"uagb-heading-text\">A ASCAP \u2013 A\u00e7\u00e3o Social Caminheiros de Ant\u00f4nio de P\u00e1dua atua para apoiar pessoas em situa\u00e7\u00e3o de vulnerabilidade social.<\/h2><\/div>\n\n\n\n<p class=\"has-text-align-center has-ast-global-color-0-color has-text-color has-link-color has-large-font-size wp-elements-bd3819a707b57824f8b8678056287964\" style=\"padding-top:var(--wp--preset--spacing--30);padding-right:0;padding-bottom:var(--wp--preset--spacing--30);padding-left:0\"><strong>Transformar vidas<\/strong><br><strong>\u00e9 solidariedade<\/strong><\/p>\n\n\n\n<p class=\"has-text-align-center has-large-font-size\"><strong>Junte-se a n\u00f3s!<\/strong><\/p>\n<\/div>\n<\/div><\/div>\n\n\n\n<p><\/p>\n","protected":false},"excerpt":{"rendered":"<p>A ASCAP \u2013 A\u00e7\u00e3o Social Caminheiros de Ant\u00f4nio de P\u00e1dua atua para apoiar pessoas em situa\u00e7\u00e3o de vulnerabilidade social. Transformar vidas\u00e9 solidariedade Junte-se a n\u00f3s!<\/p>\n","protected":false},"author":1,"featured_media":0,"parent":0,"menu_order":0,"comment_status":"closed","ping_status":"closed","template":"","meta":{"_uag_custom_page_level_css":"","_monsterinsights_skip_tracking":false,"_monsterinsights_sitenote_active":false,"_monsterinsights_sitenote_note":"","_monsterinsights_sitenote_category":0,"site-sidebar-layout":"default","site-content-layout":"","ast-site-content-layout":"full-width-container","site-content-style":"default","site-sidebar-style":"default","ast-global-header-display":"","ast-banner-title-visibility":"","ast-main-header-display":"","ast-hfb-above-header-display":"","ast-hfb-below-header-display":"","ast-hfb-mobile-header-display":"","site-post-title":"disabled","ast-breadcrumbs-content":"","ast-featured-img":"","footer-sml-layout":"","theme-transparent-header-meta":"","adv-header-id-meta":"","stick-header-meta":"","header-above-stick-meta":"","header-main-stick-meta":"","header-below-stick-meta":"","astra-migrate-meta-layouts":"default","ast-page-background-enabled":"default","ast-page-background-meta":{"desktop":{"background-color":"var(--ast-global-color-4)","background-image":"","background-repeat":"repeat","background-position":"center center","background-size":"auto","background-attachment":"scroll","background-type":"","background-media":"","overlay-type":"","overlay-color":"","overlay-opacity":"","overlay-gradient":""},"tablet":{"background-color":"","background-image":"","background-repeat":"repeat","background-position":"center center","background-size":"auto","background-attachment":"scroll","background-type":"","background-media":"","overlay-type":"","overlay-color":"","overlay-opacity":"","overlay-gradient":""},"mobile":{"background-color":"","background-image":"","background-repeat":"repeat","background-position":"center center","background-size":"auto","background-attachment":"scroll","background-type":"","background-media":"","overlay-type":"","overlay-color":"","overlay-opacity":"","overlay-gradient":""}},"ast-content-background-meta":{"desktop":{"background-color":"var(--ast-global-color-5)","background-image":"","background-repeat":"repeat","background-position":"center center","background-size":"auto","background-attachment":"scroll","background-type":"","background-media":"","overlay-type":"","overlay-color":"","overlay-opacity":"","overlay-gradient":""},"tablet":{"background-color":"var(--ast-global-color-5)","background-image":"","background-repeat":"repeat","background-position":"center center","background-size":"auto","background-attachment":"scroll","background-type":"","background-media":"","overlay-type":"","overlay-color":"","overlay-opacity":"","overlay-gradient":""},"mobile":{"background-color":"var(--ast-global-color-5)","background-image":"","background-repeat":"repeat","background-position":"center center","background-size":"auto","background-attachment":"scroll","background-type":"","background-media":"","overlay-type":"","overlay-color":"","overlay-opacity":"","overlay-gradient":""}},"footnotes":""},"class_list":["post-16","page","type-page","status-publish","hentry"],"aioseo_notices":[],"uagb_featured_image_src":{"full":false,"thumbnail":false,"medium":false,"medium_large":false,"large":false,"1536x1536":false,"2048x2048":false},"uagb_author_info":{"display_name":"ascapbsb.com.br","author_link":"https:\/\/ascapbsb.com.br\/?author=1"},"uagb_comment_info":0,"uagb_excerpt":"A ASCAP \u2013 A\u00e7\u00e3o Social Caminheiros de Ant\u00f4nio de P\u00e1dua atua para apoiar pessoas em situa\u00e7\u00e3o de vulnerabilidade social. Transformar vidas\u00e9 solidariedade Junte-se a n\u00f3s!","_links":{"self":[{"href":"https:\/\/ascapbsb.com.br\/index.php?rest_route=\/wp\/v2\/pages\/16","targetHints":{"allow":["GET"]}}],"collection":[{"href":"https:\/\/ascapbsb.com.br\/index.php?rest_route=\/wp\/v2\/pages"}],"about":[{"href":"https:\/\/ascapbsb.com.br\/index.php?rest_route=\/wp\/v2\/types\/page"}],"author":[{"embeddable":true,"href":"https:\/\/ascapbsb.com.br\/index.php?rest_route=\/wp\/v2\/users\/1"}],"replies":[{"embeddable":true,"href":"https:\/\/ascapbsb.com.br\/index.php?rest_route=%2Fwp%2Fv2%2Fcomments&post=16"}],"version-history":[{"count":63,"href":"https:\/\/ascapbsb.com.br\/index.php?rest_route=\/wp\/v2\/pages\/16\/revisions"}],"predecessor-version":[{"id":237,"href":"https:\/\/ascapbsb.com.br\/index.php?rest_route=\/wp\/v2\/pages\/16\/revisions\/237"}],"wp:attachment":[{"href":"https:\/\/ascapbsb.com.br\/index.php?rest_route=%2Fwp%2Fv2%2Fmedia&parent=16"}],"curies":[{"name":"wp","href":"https:\/\/api.w.org\/{rel}","templated":true}]}}